{"id":12,"date":"2019-02-02T20:46:33","date_gmt":"2019-02-02T19:46:33","guid":{"rendered":"https:\/\/www.stefaniemeerbott.de\/?page_id=12"},"modified":"2020-02-21T13:59:45","modified_gmt":"2020-02-21T12:59:45","slug":"ueber-mich","status":"publish","type":"page","link":"https:\/\/www.stefaniemeerbott.de\/","title":{"rendered":"\u00fcber mich"},"content":{"rendered":"\n<p><strong>Erlebt<\/strong><\/p>\n\n\n\n<p>Ich\nwurde 1982 in der wundersch\u00f6nen Pfalz geboren. Nach einer kaufm\u00e4nnischen\nAusbildung studierte ich auf St. Chrischona Theologie. Gemeinsam mit meinem\nMann und unseren beiden Kindern lebe ich in Sulzdorf\/Schw\u00e4bisch Hall. Hier\nengagiere ich mich in der Gemeinde vor Ort (in der mein Mann auch Pastor ist),\nsowie \u00fcberregional in der Frauenarbeit.<\/p>\n\n\n\n<p><strong>Begeistert<\/strong><\/p>\n\n\n\n<p>Mich\nbegeistert, wenn wir auf unsere Lebensfragen ehrliche, tiefgr\u00fcndige und\npraktische Antworten in der Bibel finden.<\/p>\n\n\n\n<p><strong>Fasziniert<\/strong><\/p>\n\n\n\n<p>Die atemberaubende Natur Gottes fasziniert mich immer wieder. Was man alles wahrnimmt und h\u00f6rt, wenn man sich mal Ruhe g\u00f6nnt und sie mit allen Sinnen genie\u00dft. Unbeschreiblich.<\/p>\n\n\n\n<figure class=\"wp-block-image size-large\"><img loading=\"lazy\" decoding=\"async\" width=\"1024\" height=\"768\" src=\"https:\/\/www.stefaniemeerbott.de\/wp-content\/uploads\/2020\/01\/IMG_5482-1024x768.jpg\" alt=\"\" class=\"wp-image-105\" srcset=\"https:\/\/www.stefaniemeerbott.de\/wp-content\/uploads\/2020\/01\/IMG_5482-1024x768.jpg 1024w, https:\/\/www.stefaniemeerbott.de\/wp-content\/uploads\/2020\/01\/IMG_5482-300x225.jpg 300w, https:\/\/www.stefaniemeerbott.de\/wp-content\/uploads\/2020\/01\/IMG_5482-768x576.jpg 768w, https:\/\/www.stefaniemeerbott.de\/wp-content\/uploads\/2020\/01\/IMG_5482-1536x1152.jpg 1536w, https:\/\/www.stefaniemeerbott.de\/wp-content\/uploads\/2020\/01\/IMG_5482-2048x1536.jpg 2048w\" sizes=\"auto, (max-width: 767px) 89vw, (max-width: 1000px) 54vw, (max-width: 1071px) 543px, 580px\" \/><\/figure>\n\n\n\n<p>Besonders durch mein Jahr in Australien habe ich einen ganz neuen Zugang zu unserem Sch\u00f6pfer und seiner Sch\u00f6pfung bekommen.<\/p>\n\n\n\n<figure class=\"wp-block-image size-large\"><img loading=\"lazy\" decoding=\"async\" width=\"970\" height=\"557\" src=\"https:\/\/www.stefaniemeerbott.de\/wp-content\/uploads\/2020\/01\/Bild4.jpg\" alt=\"\" class=\"wp-image-107\" srcset=\"https:\/\/www.stefaniemeerbott.de\/wp-content\/uploads\/2020\/01\/Bild4.jpg 970w, https:\/\/www.stefaniemeerbott.de\/wp-content\/uploads\/2020\/01\/Bild4-300x172.jpg 300w, https:\/\/www.stefaniemeerbott.de\/wp-content\/uploads\/2020\/01\/Bild4-768x441.jpg 768w\" sizes=\"auto, (max-width: 767px) 89vw, (max-width: 1000px) 54vw, (max-width: 1071px) 543px, 580px\" \/><\/figure>\n\n\n\n<figure class=\"wp-block-image size-large\"><img loading=\"lazy\" decoding=\"async\" width=\"1024\" height=\"768\" src=\"https:\/\/www.stefaniemeerbott.de\/wp-content\/uploads\/2020\/01\/Bild2-1024x768.jpg\" alt=\"\" class=\"wp-image-108\" srcset=\"https:\/\/www.stefaniemeerbott.de\/wp-content\/uploads\/2020\/01\/Bild2-1024x768.jpg 1024w, https:\/\/www.stefaniemeerbott.de\/wp-content\/uploads\/2020\/01\/Bild2-300x225.jpg 300w, https:\/\/www.stefaniemeerbott.de\/wp-content\/uploads\/2020\/01\/Bild2-768x576.jpg 768w, https:\/\/www.stefaniemeerbott.de\/wp-content\/uploads\/2020\/01\/Bild2.jpg 1480w\" sizes=\"auto, (max-width: 767px) 89vw, (max-width: 1000px) 54vw, (max-width: 1071px) 543px, 580px\" \/><\/figure>\n\n\n\n<figure class=\"wp-block-image size-large is-resized\"><img loading=\"lazy\" decoding=\"async\" src=\"https:\/\/www.stefaniemeerbott.de\/wp-content\/uploads\/2020\/01\/Bild7-1024x769.jpg\" alt=\"\" class=\"wp-image-111\" width=\"644\" height=\"484\" srcset=\"https:\/\/www.stefaniemeerbott.de\/wp-content\/uploads\/2020\/01\/Bild7-1024x769.jpg 1024w, https:\/\/www.stefaniemeerbott.de\/wp-content\/uploads\/2020\/01\/Bild7-300x225.jpg 300w, https:\/\/www.stefaniemeerbott.de\/wp-content\/uploads\/2020\/01\/Bild7-768x577.jpg 768w, https:\/\/www.stefaniemeerbott.de\/wp-content\/uploads\/2020\/01\/Bild7.jpg 1293w\" sizes=\"auto, (max-width: 644px) 100vw, 644px\" \/><\/figure>\n","protected":false},"excerpt":{"rendered":"<p>Erlebt Ich wurde 1982 in der wundersch\u00f6nen Pfalz geboren. Nach einer kaufm\u00e4nnischen Ausbildung studierte ich auf St. Chrischona Theologie. Gemeinsam mit meinem Mann und unseren beiden Kindern lebe ich in Sulzdorf\/Schw\u00e4bisch Hall. Hier engagiere ich mich in der Gemeinde vor Ort (in der mein Mann auch Pastor ist), sowie \u00fcberregional in der Frauenarbeit. Begeistert Mich &hellip; <\/p>\n<p class=\"link-more\"><a href=\"https:\/\/www.stefaniemeerbott.de\/\" class=\"more-link\"><span class=\"screen-reader-text\">\u201e\u00fcber mich\u201c<\/span> weiterlesen<\/a><\/p>\n","protected":false},"author":1,"featured_media":116,"parent":0,"menu_order":0,"comment_status":"closed","ping_status":"closed","template":"","meta":{"footnotes":""},"class_list":["post-12","page","type-page","status-publish","has-post-thumbnail","hentry"],"_links":{"self":[{"href":"https:\/\/www.stefaniemeerbott.de\/index.php\/wp-json\/wp\/v2\/pages\/12","targetHints":{"allow":["GET"]}}],"collection":[{"href":"https:\/\/www.stefaniemeerbott.de\/index.php\/wp-json\/wp\/v2\/pages"}],"about":[{"href":"https:\/\/www.stefaniemeerbott.de\/index.php\/wp-json\/wp\/v2\/types\/page"}],"author":[{"embeddable":true,"href":"https:\/\/www.stefaniemeerbott.de\/index.php\/wp-json\/wp\/v2\/users\/1"}],"replies":[{"embeddable":true,"href":"https:\/\/www.stefaniemeerbott.de\/index.php\/wp-json\/wp\/v2\/comments?post=12"}],"version-history":[{"count":6,"href":"https:\/\/www.stefaniemeerbott.de\/index.php\/wp-json\/wp\/v2\/pages\/12\/revisions"}],"predecessor-version":[{"id":113,"href":"https:\/\/www.stefaniemeerbott.de\/index.php\/wp-json\/wp\/v2\/pages\/12\/revisions\/113"}],"wp:featuredmedia":[{"embeddable":true,"href":"https:\/\/www.stefaniemeerbott.de\/index.php\/wp-json\/wp\/v2\/media\/116"}],"wp:attachment":[{"href":"https:\/\/www.stefaniemeerbott.de\/index.php\/wp-json\/wp\/v2\/media?parent=12"}],"curies":[{"name":"wp","href":"https:\/\/api.w.org\/{rel}","templated":true}]}}